{"id":94,"date":"2021-05-18T01:38:03","date_gmt":"2021-05-18T01:38:03","guid":{"rendered":"http:\/\/creatividadjim.com.mx\/?page_id=94"},"modified":"2025-08-26T17:42:24","modified_gmt":"2025-08-26T17:42:24","slug":"contacto","status":"publish","type":"page","link":"https:\/\/creatividadjim.com.mx\/?page_id=94","title":{"rendered":"Contacto"},"content":{"rendered":"<h2>Contactanos<\/h2>\n<h3>Contacto<\/h3>\n<ul>\n<li>erika@creatividadjim.com.mx<\/li>\n<li>Calle Uxmal #676, Interior B, Colonia Letr\u00e1n Valle, C.P. 03650, Benito Ju\u00e1rez, Ciudad de M\u00e9xico, M\u00e9xico.<\/li>\n<li>(55) 59255251<\/li>\n<li>erika@creatividadjim.com.mx<\/li>\n<\/ul>\n<p><img decoding=\"async\" title=\"photo-of-woman-wearing-gray-sweater-1029810.jpg\" src=\"http:\/\/creatividadjim.com.mx\/wp-content\/uploads\/elementor\/thumbs\/photo-of-woman-wearing-gray-sweater-1029810-p7flifzj9op6zcz256px54en9wpnm4fsf9evx6fj8o.jpg\" alt=\"photo-of-woman-wearing-gray-sweater-1029810.jpg\" \/><\/p>\n","protected":false},"excerpt":{"rendered":"<p>Contactanos Contacto erika@creatividadjim.com.mx Calle Uxmal #676, Interior B, Colonia Letr\u00e1n Valle, C.P. 03650, Benito Ju\u00e1rez, Ciudad de M\u00e9xico, M\u00e9xico. (55) 59255251 erika@creatividadjim.com.mx<\/p>\n","protected":false},"author":1,"featured_media":0,"parent":0,"menu_order":0,"comment_status":"closed","ping_status":"closed","template":"","meta":{"footnotes":""},"class_list":["post-94","page","type-page","status-publish"],"_links":{"self":[{"href":"https:\/\/creatividadjim.com.mx\/index.php?rest_route=\/wp\/v2\/pages\/94","targetHints":{"allow":["GET"]}}],"collection":[{"href":"https:\/\/creatividadjim.com.mx\/index.php?rest_route=\/wp\/v2\/pages"}],"about":[{"href":"https:\/\/creatividadjim.com.mx\/index.php?rest_route=\/wp\/v2\/types\/page"}],"author":[{"embeddable":true,"href":"https:\/\/creatividadjim.com.mx\/index.php?rest_route=\/wp\/v2\/users\/1"}],"replies":[{"embeddable":true,"href":"https:\/\/creatividadjim.com.mx\/index.php?rest_route=%2Fwp%2Fv2%2Fcomments&post=94"}],"version-history":[{"count":12,"href":"https:\/\/creatividadjim.com.mx\/index.php?rest_route=\/wp\/v2\/pages\/94\/revisions"}],"predecessor-version":[{"id":497,"href":"https:\/\/creatividadjim.com.mx\/index.php?rest_route=\/wp\/v2\/pages\/94\/revisions\/497"}],"wp:attachment":[{"href":"https:\/\/creatividadjim.com.mx\/index.php?rest_route=%2Fwp%2Fv2%2Fmedia&parent=94"}],"curies":[{"name":"wp","href":"https:\/\/api.w.org\/{rel}","templated":true}]}}