{"id":87,"date":"2021-05-18T01:36:05","date_gmt":"2021-05-18T01:36:05","guid":{"rendered":"http:\/\/creatividadjim.com.mx\/?page_id=87"},"modified":"2021-05-20T06:30:51","modified_gmt":"2021-05-20T06:30:51","slug":"nosotros","status":"publish","type":"page","link":"https:\/\/creatividadjim.com.mx\/?page_id=87","title":{"rendered":"Nosotros"},"content":{"rendered":"<h1>lo <\/h1>\n<h1>que hacemos<\/h1>\n<p>\t\t<iframe loading=\"lazy\" title=\"Norway: Into the Arctic 4K\" width=\"800\" height=\"450\" src=\"https:\/\/www.youtube.com\/embed\/CUjy8eDz_28?feature=oembed\" frameborder=\"0\" allow=\"accelerometer; autoplay; clipboard-write; encrypted-media; gyroscope; picture-in-picture\" allowfullscreen><\/iframe>\t\t<\/p>\n<h3><a href=\"https:\/\/www.youtube.com\/watch?v=CUjy8eDz_28\" target=\"_blank\" rel=\"noopener\">Ver v\u00eddeo<\/a><\/h3>\n<p>\t\t\t\t\t\t\t\t\t\t\t\t\t\t\t<img decoding=\"async\" src=\"http:\/\/creatividadjim.com.mx\/wp-content\/uploads\/elementor\/thumbs\/photo-1507856745667-48442b4e5da9-p7dvhaz6ffohgs6th0469epw0rl3trgkoptboj1l3o.jpeg\" title=\"photo-1507856745667-48442b4e5da9.jpeg\" alt=\"photo-1507856745667-48442b4e5da9.jpeg\" \/>\t\t\t\t\t\t\t\t\t\t\t\t\t\t\t<\/p>\n<h3><a href=\"https:\/\/www.youtube.com\/watch?v=CUjy8eDz_28\" target=\"_blank\" rel=\"noopener\">About the film<\/a><\/h3>\n<h3>Misi\u00f3n<\/h3>\n<h2>Misi\u00f3n<\/h2>\n<p>Nos basamos en nuestra metodologi\u0301a de crecimiento estrate\u0301gico digital, nos enfocamos en conocer a profundidad tu negocio, tu oferta, demanda, mercado, industria para que las acciones a realizar siempre sean bien fundamentadas. Al contratarlos seremos parte de tu equipo y tus objetivos se vuelven nuestros.<\/p>\n<h2>Ver ahora<\/h2>\n<p>\t\t<iframe loading=\"lazy\" title=\"Norway: Into the Arctic 4K\" width=\"800\" height=\"450\" src=\"https:\/\/www.youtube.com\/embed\/CUjy8eDz_28?feature=oembed\" frameborder=\"0\" allow=\"accelerometer; autoplay; clipboard-write; encrypted-media; gyroscope; picture-in-picture\" allowfullscreen><\/iframe>\t\t<\/p>\n<h3><a href=\"https:\/\/www.youtube.com\/watch?v=CUjy8eDz_28\" target=\"_blank\" rel=\"noopener\">About the film<\/a><\/h3>\n<h3>Nosotros<\/h3>\n<h2>nosotros<\/h2>\n<p>Desarrollamos proyectos en tres a\u0301reas principales: Interiores, Comercial y Edificacio\u0301n. La especializacio\u0301n en cada una de estas a\u0301reas nos permite ofrecer a nuestros clientes la mayor calidad e innovacio\u0301n en la realizacio\u0301n de cada proyecto.<\/p>\n<p>Ofrecemos a los usuarios asesori\u0301a y acompan\u0303amiento en la puesta en marcha de sus nuevas instalaciones, con un enfoque personalizado. Nuestro equipo pone a disposicio\u0301n de todos los clientes una experiencia u\u0301nica, que refuerza la relacio\u0301n con transparencia y confianza.<\/p>\n<p>\t\t\t\t\t\t\t\t\t\t\t\t\t\t\t<img decoding=\"async\" src=\"http:\/\/creatividadjim.com.mx\/wp-content\/uploads\/elementor\/thumbs\/photo-1499155286265-79a9dc9c6380-p7dvfy3kk1tkp25teezknr1x4qa0pi2j5zw2q52238.jpeg\" title=\"photo-1499155286265-79a9dc9c6380.jpeg\" alt=\"photo-1499155286265-79a9dc9c6380.jpeg\" \/>\t\t\t\t\t\t\t\t\t\t\t\t\t\t\t<\/p>\n<h3>Vis\u00f3n <\/h3>\n<h3><a href=\"https:\/\/www.youtube.com\/watch?v=CUjy8eDz_28\" target=\"_blank\" rel=\"noopener\">Nuestra esencia es hacer que las cosas sucedan haciendo realidad las ideas, es nuestro principal compromiso, mas all\u00e1 de la implementaci\u00f3n de estrategias de marketing y publicidad, si no superando nuestros propios limites como empresa.<\/a><\/h3>\n<h2>Conectarse<\/h2>\n<p>\t\t\t\t\t<a href=\"http:\/\/www.twitter.com\" target=\"_blank\" rel=\"noopener\"><br \/>\n\t\t\t\t\t\tTwitter<br \/>\n\t\t\t\t\t\t\t\t\t\t\t<\/a><br \/>\n\t\t\t\t\t<a href=\"http:\/\/www.facebook.com\" target=\"_blank\" rel=\"noopener\"><br \/>\n\t\t\t\t\t\tFacebook-f<br \/>\n\t\t\t\t\t\t\t\t\t\t\t<\/a><br \/>\n\t\t\t\t\t<a href=\"http:\/\/www.pinteres.com\" target=\"_blank\" rel=\"noopener\"><br \/>\n\t\t\t\t\t\tPinterest<br \/>\n\t\t\t\t\t\t\t\t\t\t\t<\/a><br \/>\n\t\t\t\t\t<a href=\"http:\/\/www.vimeo.com\" target=\"_blank\" rel=\"noopener\"><br \/>\n\t\t\t\t\t\tVimeo-v<br \/>\n\t\t\t\t\t\t\t\t\t\t\t<\/a><br \/>\n\t\t\t\t\t<a href=\"http:\/\/www.instagram.com\" target=\"_blank\" rel=\"noopener\"><br \/>\n\t\t\t\t\t\tInstagram<br \/>\n\t\t\t\t\t\t\t\t\t\t\t<\/a><\/p>\n","protected":false},"excerpt":{"rendered":"<p>lo que hacemos Ver v\u00eddeo About the film Misi\u00f3n Misi\u00f3n Nos basamos en nuestra metodologi\u0301a de crecimiento estrate\u0301gico digital, nos enfocamos en conocer a profundidad tu negocio, tu oferta, demanda, mercado, industria para que las acciones a realizar siempre sean bien fundamentadas. Al contratarlos seremos parte de tu equipo y tus objetivos se vuelven nuestros. Ver ahora About the film Nosotros nosotros Desarrollamos proyectos en tres a\u0301reas principales: Interiores, Comercial y Edificacio\u0301n. La especializacio\u0301n en cada una de estas a\u0301reas nos permite ofrecer a nuestros clientes la mayor calidad e innovacio\u0301n en la realizacio\u0301n de cada proyecto. Ofrecemos a los usuarios asesori\u0301a y acompan\u0303amiento en la puesta en marcha de sus nuevas instalaciones, con un enfoque personalizado. Nuestro equipo pone a disposicio\u0301n de todos los clientes una experiencia u\u0301nica, que refuerza la relacio\u0301n con transparencia y confianza. Vis\u00f3n Nuestra esencia es hacer que las cosas sucedan haciendo realidad las ideas,&hellip;<\/p>\n<p> <a class=\"more-link\" href=\"https:\/\/creatividadjim.com.mx\/?page_id=87\">Read more<\/a><\/p>\n","protected":false},"author":1,"featured_media":0,"parent":0,"menu_order":0,"comment_status":"closed","ping_status":"closed","template":"elementor_header_footer","meta":{"footnotes":""},"class_list":["post-87","page","type-page","status-publish"],"_links":{"self":[{"href":"https:\/\/creatividadjim.com.mx\/index.php?rest_route=\/wp\/v2\/pages\/87","targetHints":{"allow":["GET"]}}],"collection":[{"href":"https:\/\/creatividadjim.com.mx\/index.php?rest_route=\/wp\/v2\/pages"}],"about":[{"href":"https:\/\/creatividadjim.com.mx\/index.php?rest_route=\/wp\/v2\/types\/page"}],"author":[{"embeddable":true,"href":"https:\/\/creatividadjim.com.mx\/index.php?rest_route=\/wp\/v2\/users\/1"}],"replies":[{"embeddable":true,"href":"https:\/\/creatividadjim.com.mx\/index.php?rest_route=%2Fwp%2Fv2%2Fcomments&post=87"}],"version-history":[{"count":34,"href":"https:\/\/creatividadjim.com.mx\/index.php?rest_route=\/wp\/v2\/pages\/87\/revisions"}],"predecessor-version":[{"id":488,"href":"https:\/\/creatividadjim.com.mx\/index.php?rest_route=\/wp\/v2\/pages\/87\/revisions\/488"}],"wp:attachment":[{"href":"https:\/\/creatividadjim.com.mx\/index.php?rest_route=%2Fwp%2Fv2%2Fmedia&parent=87"}],"curies":[{"name":"wp","href":"https:\/\/api.w.org\/{rel}","templated":true}]}}